{"id":2,"date":"2021-07-01T19:34:38","date_gmt":"2021-07-01T17:34:38","guid":{"rendered":"http:\/\/linux3.timmer.home\/wordpress\/?page_id=2"},"modified":"2024-04-10T20:18:59","modified_gmt":"2024-04-10T18:18:59","slug":"beispiel-seite","status":"publish","type":"page","link":"https:\/\/www.dtimmermann.de\/index.php\/beispiel-seite\/","title":{"rendered":"Projekte"},"content":{"rendered":"\n<h2 class=\"wp-block-heading\">Umzug der On Premises SAP Landschaft in die Cloud<\/h2>\n\n\n\n<p>Die Cloud ist die IT-Strategie von Heute. Das ist auch unserem Kunden nicht verborgen geblieben. Deswegen hat er beschlossen all seine SAP System in die Cloud umzuziehen. Erschwerend kam noch hinzu, dass die Wartung f\u00fcr SAP Hana 1.0 ausl\u00e4uft. Deswegen wurde in kurzer Zeit das ERP und BW System mit gro\u00dfem Erfolg umgezogen.<\/p>\n\n\n\n<p>Die eigentliche Herausforderung war nicht der technische Umzug, sondern die Anbindung aller Schnittstellen die noch im Rechenzentrum liefen oder auch die Anbindung der externen Partner. <\/p>\n\n\n\n<h2 class=\"wp-block-heading\">Monitoring<\/h2>\n\n\n\n<p>Das Monitoring wird in den meisten Unternehmen sehr stark untersch\u00e4tzt. Aber ein gutes Monitoring tr\u00e4gt dazu bei die Verf\u00fcgbarkeit in hohen Ma\u00dfe zu erh\u00f6hen. Es sollte immer zuerst der Administrator \u00fcber eine St\u00f6rung informiert sein, bevor der Kunde auf einen zukommt. Deswegen habe ich ein Monitoring implementiert was nur bei echten Fehlern informiert, denn nur dadurch werden die Nachrichten nicht automatisch ausgefiltert und auf die Meldung reagiert.   <\/p>\n\n\n\n<h2 class=\"wp-block-heading\">Backup<\/h2>\n\n\n\n<p>Viele bem\u00fchen sich dem Kunden ein Backup Konzept zu pr\u00e4sentieren. Ich spreche aber lieber von einem Restore Konzept. Alle m\u00f6glichen Szenarien des Datenverlust m\u00fcssen erdacht werden und daraus das Konzept erstellt werden. Das Backup Konzept ergibt sich daraus ganz von allein. Da es im SAP Umfeld nicht sehr viele Alternativen gibt, kenne ich mich hier mit HPE Data Protector und Dell\/EMC Networker aus.<\/p>\n\n\n\n<p><\/p>\n","protected":false},"excerpt":{"rendered":"<p>Umzug der On Premises SAP Landschaft in die Cloud Die Cloud ist die IT-Strategie von Heute. Das ist auch unserem Kunden nicht verborgen geblieben. Deswegen hat er beschlossen all seine SAP System in die Cloud umzuziehen. Erschwerend kam noch hinzu, dass die Wartung f\u00fcr SAP Hana 1.0 ausl\u00e4uft. Deswegen wurde in kurzer Zeit das ERP [&hellip;]<\/p>\n","protected":false},"author":1,"featured_media":0,"parent":0,"menu_order":0,"comment_status":"closed","ping_status":"open","template":"page-wide","meta":{"footnotes":""},"class_list":["post-2","page","type-page","status-publish","hentry"],"_links":{"self":[{"href":"https:\/\/www.dtimmermann.de\/index.php\/wp-json\/wp\/v2\/pages\/2","targetHints":{"allow":["GET"]}}],"collection":[{"href":"https:\/\/www.dtimmermann.de\/index.php\/wp-json\/wp\/v2\/pages"}],"about":[{"href":"https:\/\/www.dtimmermann.de\/index.php\/wp-json\/wp\/v2\/types\/page"}],"author":[{"embeddable":true,"href":"https:\/\/www.dtimmermann.de\/index.php\/wp-json\/wp\/v2\/users\/1"}],"replies":[{"embeddable":true,"href":"https:\/\/www.dtimmermann.de\/index.php\/wp-json\/wp\/v2\/comments?post=2"}],"version-history":[{"count":1,"href":"https:\/\/www.dtimmermann.de\/index.php\/wp-json\/wp\/v2\/pages\/2\/revisions"}],"predecessor-version":[{"id":53,"href":"https:\/\/www.dtimmermann.de\/index.php\/wp-json\/wp\/v2\/pages\/2\/revisions\/53"}],"wp:attachment":[{"href":"https:\/\/www.dtimmermann.de\/index.php\/wp-json\/wp\/v2\/media?parent=2"}],"curies":[{"name":"wp","href":"https:\/\/api.w.org\/{rel}","templated":true}]}}